{"id":231,"date":"2019-04-05T20:47:17","date_gmt":"2019-04-05T20:47:17","guid":{"rendered":"http:\/\/s522314070.online.de\/?page_id=231"},"modified":"2024-05-07T22:37:28","modified_gmt":"2024-05-07T20:37:28","slug":"startseite-o","status":"publish","type":"page","link":"https:\/\/puppentheater-famos.de\/","title":{"rendered":"Startseite :O))"},"content":{"rendered":"\t\t<div data-elementor-type=\"wp-post\" data-elementor-id=\"231\" class=\"elementor elementor-231\">\n\t\t\t\t\t\t<section class=\"elementor-section elementor-top-section elementor-element elementor-element-61876a8 elementor-section-boxed elementor-section-height-default elementor-section-height-default\" data-id=\"61876a8\" data-element_type=\"section\" data-e-type=\"section\">\n\t\t\t\t\t\t<div class=\"elementor-container elementor-column-gap-default\">\n\t\t\t\t\t<div class=\"elementor-column elementor-col-100 elementor-top-column elementor-element elementor-element-f2a2c7d\" data-id=\"f2a2c7d\" data-element_type=\"column\" data-e-type=\"column\">\n\t\t\t<div class=\"elementor-widget-wrap elementor-element-populated\">\n\t\t\t\t\t\t<div class=\"elementor-element elementor-element-61214b2 elementor-widget elementor-widget-heading\" data-id=\"61214b2\" data-element_type=\"widget\" data-e-type=\"widget\" data-widget_type=\"heading.default\">\n\t\t\t\t<div class=\"elementor-widget-container\">\n\t\t\t\t\t<h2 class=\"elementor-heading-title elementor-size-default\">Seid ihr noch alle da ?<\/h2>\t\t\t\t<\/div>\n\t\t\t\t<\/div>\n\t\t\t\t<div class=\"elementor-element elementor-element-9e407b0 elementor-widget elementor-widget-text-editor\" data-id=\"9e407b0\" data-element_type=\"widget\" data-e-type=\"widget\" data-widget_type=\"text-editor.default\">\n\t\t\t\t<div class=\"elementor-widget-container\">\n\t\t\t\t\t\t\t\t\t<p>Ich war n\u00e4mlich schon ganz arg lange nicht mehr im Bl\u00fcBa ! Leider gibt&#8217;s f\u00fcr mich bis jetzt noch keine Termine im Bl\u00fchenden Barock und ich vermisse Euch jetzt schon ! Ich wei\u00df noch nicht mal, warum es keine Termine gibt. Ich wei\u00df aber, dass ich, sowie ich etwas Neues erfahr, Euch hier sofort informieren werde !!!\u00a0<\/p>\t\t\t\t\t\t\t\t<\/div>\n\t\t\t\t<\/div>\n\t\t\t\t\t<\/div>\n\t\t<\/div>\n\t\t\t\t\t<\/div>\n\t\t<\/section>\n\t\t\t\t<section class=\"elementor-section elementor-top-section elementor-element elementor-element-db38344 elementor-section-boxed elementor-section-height-default elementor-section-height-default\" data-id=\"db38344\" data-element_type=\"section\" data-e-type=\"section\">\n\t\t\t\t\t\t<div class=\"elementor-container elementor-column-gap-default\">\n\t\t\t\t\t<div class=\"elementor-column elementor-col-100 elementor-top-column elementor-element elementor-element-4b4b760\" data-id=\"4b4b760\" data-element_type=\"column\" data-e-type=\"column\">\n\t\t\t<div class=\"elementor-widget-wrap elementor-element-populated\">\n\t\t\t\t\t\t<div class=\"elementor-element elementor-element-7eb8d02 elementor-widget elementor-widget-image\" data-id=\"7eb8d02\" data-element_type=\"widget\" data-e-type=\"widget\" data-widget_type=\"image.default\">\n\t\t\t\t<div class=\"elementor-widget-container\">\n\t\t\t\t\t\t\t\t\t\t\t\t\t\t\t<img fetchpriority=\"high\" decoding=\"async\" width=\"907\" height=\"363\" src=\"https:\/\/puppentheater-famos.de\/wp-content\/uploads\/2024\/05\/bluebaEnde.jpg\" class=\"attachment-large size-large wp-image-561\" alt=\"\" srcset=\"https:\/\/puppentheater-famos.de\/wp-content\/uploads\/2024\/05\/bluebaEnde.jpg 1000w, https:\/\/puppentheater-famos.de\/wp-content\/uploads\/2024\/05\/bluebaEnde-300x120.jpg 300w, https:\/\/puppentheater-famos.de\/wp-content\/uploads\/2024\/05\/bluebaEnde-768x307.jpg 768w\" sizes=\"(max-width: 907px) 100vw, 907px\" \/>\t\t\t\t\t\t\t\t\t\t\t\t\t\t\t<\/div>\n\t\t\t\t<\/div>\n\t\t\t\t<div class=\"elementor-element elementor-element-4f14eff elementor-widget elementor-widget-text-editor\" data-id=\"4f14eff\" data-element_type=\"widget\" data-e-type=\"widget\" data-widget_type=\"text-editor.default\">\n\t\t\t\t<div class=\"elementor-widget-container\">\n\t\t\t\t\t\t\t\t\t<div><h3>Seid ihr alle da ?<\/h3><\/div><div>\u00a0<\/div><p>Na endlich hat mich mal jemand im Internet gefunden. Ich bin der Kasper in diesem Theater. Und ihr seid hier auf meiner sagenhaft, unvorstellbar tollen, aller neuesten, m\u00e4rchenhaften und kasperlichsten Webseite aller Zeiten gekommen !<\/p><h3>Klasse !<\/h3><p>Aber jetzt nicht schon gleich wieder abhauen. Hier gibt&#8217;s jede Menge zu sehen, zum Beispiel Bilder von meinen Freunden und Feinden oder alle Termine, an denen ihr mich live (naja, so lebendig wie&#8217;s halt geht) aber zumindest in Natura erleben k\u00f6nnt.<\/p><p>Die meisten wollen von ihren Besuchern wissen, wenn was nicht klappt, nicht passt oder zumindest besser ging. So ein Quatsch. Ich nicht. Bei mir sollt ihr mir (bitte \u2013 bitte) unter \u201eKontakt zum Kasper\u201c vor allem sagen, was lustig und toll war, ok \u2013 und von mir aus auch, was noch toller ginge :O).<\/p><p>Viel Spa\u00df beim rumschauen. Und wenn du \u00f6fters kommst, schreib ich auch \u00f6fters was Neues. Mal schauen, wer schneller ist\u2026<\/p>\t\t\t\t\t\t\t\t<\/div>\n\t\t\t\t<\/div>\n\t\t\t\t\t<\/div>\n\t\t<\/div>\n\t\t\t\t\t<\/div>\n\t\t<\/section>\n\t\t\t\t<\/div>\n\t\t","protected":false},"excerpt":{"rendered":"<p>Seid ihr noch alle da ? Ich war n\u00e4mlich schon ganz arg lange nicht mehr im Bl\u00fcBa ! Leider gibt&#8217;s f\u00fcr mich bis jetzt noch keine Termine im Bl\u00fchenden Barock und ich vermisse Euch jetzt schon ! Ich wei\u00df noch nicht mal, warum es keine Termine gibt. Ich wei\u00df aber, dass ich, sowie ich etwas &#8230; <a title=\"Startseite :O))\" class=\"read-more\" href=\"https:\/\/puppentheater-famos.de\/\" aria-label=\"Mehr Informationen \u00fcber Startseite :O))\">Weiterlesen<\/a><\/p>\n","protected":false},"author":1,"featured_media":0,"parent":0,"menu_order":0,"comment_status":"closed","ping_status":"closed","template":"","meta":{"ngg_post_thumbnail":0,"footnotes":""},"tags":[],"class_list":["post-231","page","type-page","status-publish"],"_links":{"self":[{"href":"https:\/\/puppentheater-famos.de\/index.php?rest_route=\/wp\/v2\/pages\/231","targetHints":{"allow":["GET"]}}],"collection":[{"href":"https:\/\/puppentheater-famos.de\/index.php?rest_route=\/wp\/v2\/pages"}],"about":[{"href":"https:\/\/puppentheater-famos.de\/index.php?rest_route=\/wp\/v2\/types\/page"}],"author":[{"embeddable":true,"href":"https:\/\/puppentheater-famos.de\/index.php?rest_route=\/wp\/v2\/users\/1"}],"replies":[{"embeddable":true,"href":"https:\/\/puppentheater-famos.de\/index.php?rest_route=%2Fwp%2Fv2%2Fcomments&post=231"}],"version-history":[{"count":70,"href":"https:\/\/puppentheater-famos.de\/index.php?rest_route=\/wp\/v2\/pages\/231\/revisions"}],"predecessor-version":[{"id":576,"href":"https:\/\/puppentheater-famos.de\/index.php?rest_route=\/wp\/v2\/pages\/231\/revisions\/576"}],"wp:attachment":[{"href":"https:\/\/puppentheater-famos.de\/index.php?rest_route=%2Fwp%2Fv2%2Fmedia&parent=231"}],"wp:term":[{"taxonomy":"post_tag","embeddable":true,"href":"https:\/\/puppentheater-famos.de\/index.php?rest_route=%2Fwp%2Fv2%2Ftags&post=231"}],"curies":[{"name":"wp","href":"https:\/\/api.w.org\/{rel}","templated":true}]}}